{"id":1913,"date":"2024-10-30T22:36:31","date_gmt":"2024-10-30T22:36:31","guid":{"rendered":"https:\/\/barriobravo.es\/?page_id=1913"},"modified":"2024-11-11T17:10:48","modified_gmt":"2024-11-11T17:10:48","slug":"faq","status":"publish","type":"page","link":"https:\/\/barriobravo.es\/es\/faq\/","title":{"rendered":"FAQ"},"content":{"rendered":"<div data-elementor-type=\"wp-page\" data-elementor-id=\"1913\" class=\"elementor elementor-1913\" data-elementor-post-type=\"page\">\n\t\t\t\t<div class=\"elementor-element elementor-element-fa60c6b e-flex e-con-boxed e-con e-parent\" data-id=\"fa60c6b\" data-element_type=\"container\" data-settings=\"{&quot;background_background&quot;:&quot;classic&quot;}\">\n\t\t\t\t\t<div class=\"e-con-inner\">\n\t\t\t\t<div class=\"elementor-element elementor-element-055be0a elementor-widget elementor-widget-heading\" data-id=\"055be0a\" data-element_type=\"widget\" data-widget_type=\"heading.default\">\n\t\t\t\t<div class=\"elementor-widget-container\">\n\t\t\t\t\t<h2 class=\"elementor-heading-title elementor-size-default\">FAQ<\/h2>\t\t\t\t<\/div>\n\t\t\t\t<\/div>\n\t\t\t\t<div class=\"elementor-element elementor-element-77ca220 elementor-widget elementor-widget-n-accordion\" data-id=\"77ca220\" data-element_type=\"widget\" data-settings=\"{&quot;default_state&quot;:&quot;expanded&quot;,&quot;max_items_expended&quot;:&quot;one&quot;,&quot;n_accordion_animation_duration&quot;:{&quot;unit&quot;:&quot;ms&quot;,&quot;size&quot;:400,&quot;sizes&quot;:[]}}\" data-widget_type=\"nested-accordion.default\">\n\t\t\t\t<div class=\"elementor-widget-container\">\n\t\t\t\t\t\t\t<div class=\"e-n-accordion\" aria-label=\"Acorde\u00f3n. Abra los enlaces con Enter o Espacio, ci\u00e9rrelos con Escape y navegue con las teclas de flecha\">\n\t\t\t\t\t\t<details id=\"e-n-accordion-item-1250\" class=\"e-n-accordion-item\" open>\n\t\t\t\t<summary class=\"e-n-accordion-item-title\" data-accordion-index=\"1\" tabindex=\"0\" aria-expanded=\"true\" aria-controls=\"e-n-accordion-item-1250\" >\n\t\t\t\t\t<span class='e-n-accordion-item-title-header'><div class=\"e-n-accordion-item-title-text\"> \u00bfEs necesario llevar guantes para boxeo?  <\/div><\/span>\n\t\t\t\t\t\t\t<span class='e-n-accordion-item-title-icon'>\n\t\t\t<span class='e-opened' ><svg xmlns=\"http:\/\/www.w3.org\/2000\/svg\" width=\"24.388\" height=\"1\" viewbox=\"0 0 24.388 1\"><path id=\"Trazado_2992\" data-name=\"Trazado 2992\" d=\"M24.388,0H0\" transform=\"translate(0 0.5)\" fill=\"none\" stroke=\"#000\" stroke-width=\"1\"><\/path><\/svg><\/span>\n\t\t\t<span class='e-closed'><svg xmlns=\"http:\/\/www.w3.org\/2000\/svg\" width=\"24.388\" height=\"20.498\" viewbox=\"0 0 24.388 20.498\"><g id=\"Grupo_2180\" data-name=\"Grupo 2180\" transform=\"translate(12916.193 15738.249)\"><path id=\"Trazado_2991\" data-name=\"Trazado 2991\" d=\"M24.388,0H0\" transform=\"translate(-12916.193 -15728)\" fill=\"none\" stroke=\"#000\" stroke-width=\"1\"><\/path><line id=\"L&#xED;nea_655\" data-name=\"L&#xED;nea 655\" y2=\"20.498\" transform=\"translate(-12903.999 -15738.249)\" fill=\"none\" stroke=\"#000\" stroke-width=\"1\"><\/line><\/g><\/svg><\/span>\n\t\t<\/span>\n\n\t\t\t\t\t\t<\/summary>\n\t\t\t\t<div role=\"region\" aria-labelledby=\"e-n-accordion-item-1250\" class=\"elementor-element elementor-element-6b4e726 e-con-full e-flex e-con e-child\" data-id=\"6b4e726\" data-element_type=\"container\">\n\t\t\t\t<div class=\"elementor-element elementor-element-d98fab5 elementor-widget elementor-widget-text-editor\" data-id=\"d98fab5\" data-element_type=\"widget\" data-widget_type=\"text-editor.default\">\n\t\t\t\t<div class=\"elementor-widget-container\">\n\t\t\t\t\t\t\t\t\t<p class=\"p1\">Siempre recomendamos que cada quien use sus propios guantes (Si lo deseas, puedes adquirir un par de guantes Barrio Bravo, pregunta en recepci\u00f3n). Pero en caso que no tengas guantes propios, nosotros tenemos guantes disponibles para pr\u00e9stamo.<\/p>\t\t\t\t\t\t\t\t<\/div>\n\t\t\t\t<\/div>\n\t\t\t\t<\/div>\n\t\t\t\t\t<\/details>\n\t\t\t\t\t\t<details id=\"e-n-accordion-item-1251\" class=\"e-n-accordion-item\" >\n\t\t\t\t<summary class=\"e-n-accordion-item-title\" data-accordion-index=\"2\" tabindex=\"-1\" aria-expanded=\"false\" aria-controls=\"e-n-accordion-item-1251\" >\n\t\t\t\t\t<span class='e-n-accordion-item-title-header'><div class=\"e-n-accordion-item-title-text\"> \u00bfEs necesario usar vendas para boxear? <\/div><\/span>\n\t\t\t\t\t\t\t<span class='e-n-accordion-item-title-icon'>\n\t\t\t<span class='e-opened' ><svg xmlns=\"http:\/\/www.w3.org\/2000\/svg\" width=\"24.388\" height=\"1\" viewbox=\"0 0 24.388 1\"><path id=\"Trazado_2992\" data-name=\"Trazado 2992\" d=\"M24.388,0H0\" transform=\"translate(0 0.5)\" fill=\"none\" stroke=\"#000\" stroke-width=\"1\"><\/path><\/svg><\/span>\n\t\t\t<span class='e-closed'><svg xmlns=\"http:\/\/www.w3.org\/2000\/svg\" width=\"24.388\" height=\"20.498\" viewbox=\"0 0 24.388 20.498\"><g id=\"Grupo_2180\" data-name=\"Grupo 2180\" transform=\"translate(12916.193 15738.249)\"><path id=\"Trazado_2991\" data-name=\"Trazado 2991\" d=\"M24.388,0H0\" transform=\"translate(-12916.193 -15728)\" fill=\"none\" stroke=\"#000\" stroke-width=\"1\"><\/path><line id=\"L&#xED;nea_655\" data-name=\"L&#xED;nea 655\" y2=\"20.498\" transform=\"translate(-12903.999 -15738.249)\" fill=\"none\" stroke=\"#000\" stroke-width=\"1\"><\/line><\/g><\/svg><\/span>\n\t\t<\/span>\n\n\t\t\t\t\t\t<\/summary>\n\t\t\t\t<div role=\"region\" aria-labelledby=\"e-n-accordion-item-1251\" class=\"elementor-element elementor-element-89606f1 e-con-full e-flex e-con e-child\" data-id=\"89606f1\" data-element_type=\"container\">\n\t\t\t\t<div class=\"elementor-element elementor-element-649cb32 elementor-widget elementor-widget-text-editor\" data-id=\"649cb32\" data-element_type=\"widget\" data-widget_type=\"text-editor.default\">\n\t\t\t\t<div class=\"elementor-widget-container\">\n\t\t\t\t\t\t\t\t\tSi, necesitas el vendaje para proteger tus mu\u00f1ecas y pu\u00f1os cuando boxeas. Si no cuentas con vendas, nosotros contamos con vendas Barrio Bravo, pregunta por ellas a cualquier persona de nuestro equipo. \t\t\t\t\t\t\t\t<\/div>\n\t\t\t\t<\/div>\n\t\t\t\t<\/div>\n\t\t\t\t\t<\/details>\n\t\t\t\t\t\t<details id=\"e-n-accordion-item-1252\" class=\"e-n-accordion-item\" >\n\t\t\t\t<summary class=\"e-n-accordion-item-title\" data-accordion-index=\"3\" tabindex=\"-1\" aria-expanded=\"false\" aria-controls=\"e-n-accordion-item-1252\" >\n\t\t\t\t\t<span class='e-n-accordion-item-title-header'><div class=\"e-n-accordion-item-title-text\"> \u00bfQu\u00e9 vestimenta debo usar para Boxing y\/o Train? <\/div><\/span>\n\t\t\t\t\t\t\t<span class='e-n-accordion-item-title-icon'>\n\t\t\t<span class='e-opened' ><svg xmlns=\"http:\/\/www.w3.org\/2000\/svg\" width=\"24.388\" height=\"1\" viewbox=\"0 0 24.388 1\"><path id=\"Trazado_2992\" data-name=\"Trazado 2992\" d=\"M24.388,0H0\" transform=\"translate(0 0.5)\" fill=\"none\" stroke=\"#000\" stroke-width=\"1\"><\/path><\/svg><\/span>\n\t\t\t<span class='e-closed'><svg xmlns=\"http:\/\/www.w3.org\/2000\/svg\" width=\"24.388\" height=\"20.498\" viewbox=\"0 0 24.388 20.498\"><g id=\"Grupo_2180\" data-name=\"Grupo 2180\" transform=\"translate(12916.193 15738.249)\"><path id=\"Trazado_2991\" data-name=\"Trazado 2991\" d=\"M24.388,0H0\" transform=\"translate(-12916.193 -15728)\" fill=\"none\" stroke=\"#000\" stroke-width=\"1\"><\/path><line id=\"L&#xED;nea_655\" data-name=\"L&#xED;nea 655\" y2=\"20.498\" transform=\"translate(-12903.999 -15738.249)\" fill=\"none\" stroke=\"#000\" stroke-width=\"1\"><\/line><\/g><\/svg><\/span>\n\t\t<\/span>\n\n\t\t\t\t\t\t<\/summary>\n\t\t\t\t<div role=\"region\" aria-labelledby=\"e-n-accordion-item-1252\" class=\"elementor-element elementor-element-e72df56 e-con-full e-flex e-con e-child\" data-id=\"e72df56\" data-element_type=\"container\">\n\t\t\t\t<div class=\"elementor-element elementor-element-51172a4 elementor-widget elementor-widget-text-editor\" data-id=\"51172a4\" data-element_type=\"widget\" data-widget_type=\"text-editor.default\">\n\t\t\t\t<div class=\"elementor-widget-container\">\n\t\t\t\t\t\t\t\t\tCualquier tipo de ropa deportiva con la que te sientas comodo para entrenar. Tambi\u00e9n recomendamos el uso de calzado apropiado para ejercitarse, ya que es importante que tus pies y tobillos est\u00e9n protegidos. \t\t\t\t\t\t\t\t<\/div>\n\t\t\t\t<\/div>\n\t\t\t\t<\/div>\n\t\t\t\t\t<\/details>\n\t\t\t\t\t\t<details id=\"e-n-accordion-item-1253\" class=\"e-n-accordion-item\" >\n\t\t\t\t<summary class=\"e-n-accordion-item-title\" data-accordion-index=\"4\" tabindex=\"-1\" aria-expanded=\"false\" aria-controls=\"e-n-accordion-item-1253\" >\n\t\t\t\t\t<span class='e-n-accordion-item-title-header'><div class=\"e-n-accordion-item-title-text\"> \u00bfDebo llevar agua?  <\/div><\/span>\n\t\t\t\t\t\t\t<span class='e-n-accordion-item-title-icon'>\n\t\t\t<span class='e-opened' ><svg xmlns=\"http:\/\/www.w3.org\/2000\/svg\" width=\"24.388\" height=\"1\" viewbox=\"0 0 24.388 1\"><path id=\"Trazado_2992\" data-name=\"Trazado 2992\" d=\"M24.388,0H0\" transform=\"translate(0 0.5)\" fill=\"none\" stroke=\"#000\" stroke-width=\"1\"><\/path><\/svg><\/span>\n\t\t\t<span class='e-closed'><svg xmlns=\"http:\/\/www.w3.org\/2000\/svg\" width=\"24.388\" height=\"20.498\" viewbox=\"0 0 24.388 20.498\"><g id=\"Grupo_2180\" data-name=\"Grupo 2180\" transform=\"translate(12916.193 15738.249)\"><path id=\"Trazado_2991\" data-name=\"Trazado 2991\" d=\"M24.388,0H0\" transform=\"translate(-12916.193 -15728)\" fill=\"none\" stroke=\"#000\" stroke-width=\"1\"><\/path><line id=\"L&#xED;nea_655\" data-name=\"L&#xED;nea 655\" y2=\"20.498\" transform=\"translate(-12903.999 -15738.249)\" fill=\"none\" stroke=\"#000\" stroke-width=\"1\"><\/line><\/g><\/svg><\/span>\n\t\t<\/span>\n\n\t\t\t\t\t\t<\/summary>\n\t\t\t\t<div role=\"region\" aria-labelledby=\"e-n-accordion-item-1253\" class=\"elementor-element elementor-element-41e2842 e-con-full e-flex e-con e-child\" data-id=\"41e2842\" data-element_type=\"container\">\n\t\t\t\t<div class=\"elementor-element elementor-element-eb29e84 elementor-widget elementor-widget-text-editor\" data-id=\"eb29e84\" data-element_type=\"widget\" data-widget_type=\"text-editor.default\">\n\t\t\t\t<div class=\"elementor-widget-container\">\n\t\t\t\t\t\t\t\t\tSi, siempre recomendamos el estar bien hidratado. Nosotros contamos con venta de botellas de agua en recepci\u00f3n si lo necesitas. \t\t\t\t\t\t\t\t<\/div>\n\t\t\t\t<\/div>\n\t\t\t\t<\/div>\n\t\t\t\t\t<\/details>\n\t\t\t\t\t\t<details id=\"e-n-accordion-item-1254\" class=\"e-n-accordion-item\" >\n\t\t\t\t<summary class=\"e-n-accordion-item-title\" data-accordion-index=\"5\" tabindex=\"-1\" aria-expanded=\"false\" aria-controls=\"e-n-accordion-item-1254\" >\n\t\t\t\t\t<span class='e-n-accordion-item-title-header'><div class=\"e-n-accordion-item-title-text\"> \u00bfQu\u00e9 nivel de entrenamiento necesito para Boxing y\/o Train?  <\/div><\/span>\n\t\t\t\t\t\t\t<span class='e-n-accordion-item-title-icon'>\n\t\t\t<span class='e-opened' ><svg xmlns=\"http:\/\/www.w3.org\/2000\/svg\" width=\"24.388\" height=\"1\" viewbox=\"0 0 24.388 1\"><path id=\"Trazado_2992\" data-name=\"Trazado 2992\" d=\"M24.388,0H0\" transform=\"translate(0 0.5)\" fill=\"none\" stroke=\"#000\" stroke-width=\"1\"><\/path><\/svg><\/span>\n\t\t\t<span class='e-closed'><svg xmlns=\"http:\/\/www.w3.org\/2000\/svg\" width=\"24.388\" height=\"20.498\" viewbox=\"0 0 24.388 20.498\"><g id=\"Grupo_2180\" data-name=\"Grupo 2180\" transform=\"translate(12916.193 15738.249)\"><path id=\"Trazado_2991\" data-name=\"Trazado 2991\" d=\"M24.388,0H0\" transform=\"translate(-12916.193 -15728)\" fill=\"none\" stroke=\"#000\" stroke-width=\"1\"><\/path><line id=\"L&#xED;nea_655\" data-name=\"L&#xED;nea 655\" y2=\"20.498\" transform=\"translate(-12903.999 -15738.249)\" fill=\"none\" stroke=\"#000\" stroke-width=\"1\"><\/line><\/g><\/svg><\/span>\n\t\t<\/span>\n\n\t\t\t\t\t\t<\/summary>\n\t\t\t\t<div role=\"region\" aria-labelledby=\"e-n-accordion-item-1254\" class=\"elementor-element elementor-element-e7e952e e-con-full e-flex e-con e-child\" data-id=\"e7e952e\" data-element_type=\"container\">\n\t\t\t\t<div class=\"elementor-element elementor-element-74eb523 elementor-widget elementor-widget-text-editor\" data-id=\"74eb523\" data-element_type=\"widget\" data-widget_type=\"text-editor.default\">\n\t\t\t\t<div class=\"elementor-widget-container\">\n\t\t\t\t\t\t\t\t\tNuestras sesiones de Boxing y\/o Train se adaptan a cualquier nivel, desde principiantes hasta avanzados. Si nunca has practicado, nuestros entrenadores se encargar\u00e1n de guiarte a lo largo de la sesi\u00f3n, hasta que que te sientas confiado.\t\t\t\t\t\t\t\t<\/div>\n\t\t\t\t<\/div>\n\t\t\t\t<\/div>\n\t\t\t\t\t<\/details>\n\t\t\t\t\t\t<details id=\"e-n-accordion-item-1255\" class=\"e-n-accordion-item\" >\n\t\t\t\t<summary class=\"e-n-accordion-item-title\" data-accordion-index=\"6\" tabindex=\"-1\" aria-expanded=\"false\" aria-controls=\"e-n-accordion-item-1255\" >\n\t\t\t\t\t<span class='e-n-accordion-item-title-header'><div class=\"e-n-accordion-item-title-text\"> \u00bfPuedo ducharme despu\u00e9s de mi sesi\u00f3n? <\/div><\/span>\n\t\t\t\t\t\t\t<span class='e-n-accordion-item-title-icon'>\n\t\t\t<span class='e-opened' ><svg xmlns=\"http:\/\/www.w3.org\/2000\/svg\" width=\"24.388\" height=\"1\" viewbox=\"0 0 24.388 1\"><path id=\"Trazado_2992\" data-name=\"Trazado 2992\" d=\"M24.388,0H0\" transform=\"translate(0 0.5)\" fill=\"none\" stroke=\"#000\" stroke-width=\"1\"><\/path><\/svg><\/span>\n\t\t\t<span class='e-closed'><svg xmlns=\"http:\/\/www.w3.org\/2000\/svg\" width=\"24.388\" height=\"20.498\" viewbox=\"0 0 24.388 20.498\"><g id=\"Grupo_2180\" data-name=\"Grupo 2180\" transform=\"translate(12916.193 15738.249)\"><path id=\"Trazado_2991\" data-name=\"Trazado 2991\" d=\"M24.388,0H0\" transform=\"translate(-12916.193 -15728)\" fill=\"none\" stroke=\"#000\" stroke-width=\"1\"><\/path><line id=\"L&#xED;nea_655\" data-name=\"L&#xED;nea 655\" y2=\"20.498\" transform=\"translate(-12903.999 -15738.249)\" fill=\"none\" stroke=\"#000\" stroke-width=\"1\"><\/line><\/g><\/svg><\/span>\n\t\t<\/span>\n\n\t\t\t\t\t\t<\/summary>\n\t\t\t\t<div role=\"region\" aria-labelledby=\"e-n-accordion-item-1255\" class=\"elementor-element elementor-element-f0e10df e-con-full e-flex e-con e-child\" data-id=\"f0e10df\" data-element_type=\"container\">\n\t\t\t\t<div class=\"elementor-element elementor-element-285a2f9 elementor-widget elementor-widget-text-editor\" data-id=\"285a2f9\" data-element_type=\"widget\" data-widget_type=\"text-editor.default\">\n\t\t\t\t<div class=\"elementor-widget-container\">\n\t\t\t\t\t\t\t\t\tSi, contamos con ducha y espacio dentro del ba\u00f1o para tus pertenencias. Sin embargo Barrio Bravo no se hace responsable por cualquier perdida o da\u00f1o que pueda sufrir alg\u00fan art\u00edculo. \n\t\t\t\t\t\t\t\t<\/div>\n\t\t\t\t<\/div>\n\t\t\t\t<\/div>\n\t\t\t\t\t<\/details>\n\t\t\t\t\t\t<details id=\"e-n-accordion-item-1256\" class=\"e-n-accordion-item\" >\n\t\t\t\t<summary class=\"e-n-accordion-item-title\" data-accordion-index=\"7\" tabindex=\"-1\" aria-expanded=\"false\" aria-controls=\"e-n-accordion-item-1256\" >\n\t\t\t\t\t<span class='e-n-accordion-item-title-header'><div class=\"e-n-accordion-item-title-text\"> \u00bfPuedo dejar (por la noche) mis pertenencias en el \u00e1rea de almacenamiento?  <\/div><\/span>\n\t\t\t\t\t\t\t<span class='e-n-accordion-item-title-icon'>\n\t\t\t<span class='e-opened' ><svg xmlns=\"http:\/\/www.w3.org\/2000\/svg\" width=\"24.388\" height=\"1\" viewbox=\"0 0 24.388 1\"><path id=\"Trazado_2992\" data-name=\"Trazado 2992\" d=\"M24.388,0H0\" transform=\"translate(0 0.5)\" fill=\"none\" stroke=\"#000\" stroke-width=\"1\"><\/path><\/svg><\/span>\n\t\t\t<span class='e-closed'><svg xmlns=\"http:\/\/www.w3.org\/2000\/svg\" width=\"24.388\" height=\"20.498\" viewbox=\"0 0 24.388 20.498\"><g id=\"Grupo_2180\" data-name=\"Grupo 2180\" transform=\"translate(12916.193 15738.249)\"><path id=\"Trazado_2991\" data-name=\"Trazado 2991\" d=\"M24.388,0H0\" transform=\"translate(-12916.193 -15728)\" fill=\"none\" stroke=\"#000\" stroke-width=\"1\"><\/path><line id=\"L&#xED;nea_655\" data-name=\"L&#xED;nea 655\" y2=\"20.498\" transform=\"translate(-12903.999 -15738.249)\" fill=\"none\" stroke=\"#000\" stroke-width=\"1\"><\/line><\/g><\/svg><\/span>\n\t\t<\/span>\n\n\t\t\t\t\t\t<\/summary>\n\t\t\t\t<div role=\"region\" aria-labelledby=\"e-n-accordion-item-1256\" class=\"elementor-element elementor-element-1a3c54e e-con-full e-flex e-con e-child\" data-id=\"1a3c54e\" data-element_type=\"container\">\n\t\t\t\t<div class=\"elementor-element elementor-element-61ba855 elementor-widget elementor-widget-text-editor\" data-id=\"61ba855\" data-element_type=\"widget\" data-widget_type=\"text-editor.default\">\n\t\t\t\t<div class=\"elementor-widget-container\">\n\t\t\t\t\t\t\t\t\tDesafortunadamente no ofrecemos este servicio en el \u00e1rea de almacenamiento com\u00fan, por lo que les pedimos llevar consigo todas sus pertenencias al retirarse. En caso de quererlo, contamos con taquillas para renta mensual en el club, pregunta en la recepci\u00f3n.\t\t\t\t\t\t\t\t<\/div>\n\t\t\t\t<\/div>\n\t\t\t\t<\/div>\n\t\t\t\t\t<\/details>\n\t\t\t\t\t<\/div>\n\t\t\t\t\t\t<\/div>\n\t\t\t\t<\/div>\n\t\t\t\t\t<\/div>\n\t\t\t\t<\/div>\n\t\t\t\t<\/div>","protected":false},"excerpt":{"rendered":"<p>FAQ Do i need to bring my own gloves to BOXING? We do always encourage you to wear your own [&hellip;]<\/p>","protected":false},"author":1,"featured_media":0,"parent":0,"menu_order":0,"comment_status":"closed","ping_status":"closed","template":"","meta":{"site-sidebar-layout":"no-sidebar","site-content-layout":"","ast-site-content-layout":"full-width-container","site-content-style":"default","site-sidebar-style":"default","ast-global-header-display":"","ast-banner-title-visibility":"","ast-main-header-display":"","ast-hfb-above-header-display":"","ast-hfb-below-header-display":"","ast-hfb-mobile-header-display":"","site-post-title":"disabled","ast-breadcrumbs-content":"","ast-featured-img":"disabled","footer-sml-layout":"","theme-transparent-header-meta":"","adv-header-id-meta":"","stick-header-meta":"","header-above-stick-meta":"","header-main-stick-meta":"","header-below-stick-meta":"","astra-migrate-meta-layouts":"default","ast-page-background-enabled":"default","ast-page-background-meta":{"desktop":{"background-color":"var(--ast-global-color-4)","background-image":"","background-repeat":"repeat","background-position":"center center","background-size":"auto","background-attachment":"scroll","background-type":"","background-media":"","overlay-type":"","overlay-color":"","overlay-opacity":"","overlay-gradient":""},"tablet":{"background-color":"","background-image":"","background-repeat":"repeat","background-position":"center center","background-size":"auto","background-attachment":"scroll","background-type":"","background-media":"","overlay-type":"","overlay-color":"","overlay-opacity":"","overlay-gradient":""},"mobile":{"background-color":"","background-image":"","background-repeat":"repeat","background-position":"center center","background-size":"auto","background-attachment":"scroll","background-type":"","background-media":"","overlay-type":"","overlay-color":"","overlay-opacity":"","overlay-gradient":""}},"ast-content-background-meta":{"desktop":{"background-color":"var(--ast-global-color-5)","background-image":"","background-repeat":"repeat","background-position":"center center","background-size":"auto","background-attachment":"scroll","background-type":"","background-media":"","overlay-type":"","overlay-color":"","overlay-opacity":"","overlay-gradient":""},"tablet":{"background-color":"var(--ast-global-color-5)","background-image":"","background-repeat":"repeat","background-position":"center center","background-size":"auto","background-attachment":"scroll","background-type":"","background-media":"","overlay-type":"","overlay-color":"","overlay-opacity":"","overlay-gradient":""},"mobile":{"background-color":"var(--ast-global-color-5)","background-image":"","background-repeat":"repeat","background-position":"center center","background-size":"auto","background-attachment":"scroll","background-type":"","background-media":"","overlay-type":"","overlay-color":"","overlay-opacity":"","overlay-gradient":""}},"footnotes":""},"class_list":["post-1913","page","type-page","status-publish","hentry"],"_links":{"self":[{"href":"https:\/\/barriobravo.es\/es\/wp-json\/wp\/v2\/pages\/1913","targetHints":{"allow":["GET"]}}],"collection":[{"href":"https:\/\/barriobravo.es\/es\/wp-json\/wp\/v2\/pages"}],"about":[{"href":"https:\/\/barriobravo.es\/es\/wp-json\/wp\/v2\/types\/page"}],"author":[{"embeddable":true,"href":"https:\/\/barriobravo.es\/es\/wp-json\/wp\/v2\/users\/1"}],"replies":[{"embeddable":true,"href":"https:\/\/barriobravo.es\/es\/wp-json\/wp\/v2\/comments?post=1913"}],"version-history":[{"count":52,"href":"https:\/\/barriobravo.es\/es\/wp-json\/wp\/v2\/pages\/1913\/revisions"}],"predecessor-version":[{"id":3207,"href":"https:\/\/barriobravo.es\/es\/wp-json\/wp\/v2\/pages\/1913\/revisions\/3207"}],"wp:attachment":[{"href":"https:\/\/barriobravo.es\/es\/wp-json\/wp\/v2\/media?parent=1913"}],"curies":[{"name":"wp","href":"https:\/\/api.w.org\/{rel}","templated":true}]}}